{"id":40,"date":"2018-02-26T17:16:46","date_gmt":"2018-02-26T17:16:46","guid":{"rendered":"https:\/\/fabriacrylicos.com\/?page_id=40"},"modified":"2018-02-26T17:29:27","modified_gmt":"2018-02-26T22:29:27","slug":"mantenimiento","status":"publish","type":"page","link":"https:\/\/fabriacrylicos.com\/en\/mantenimiento\/","title":{"rendered":"Mantenimiento"},"content":{"rendered":"<p>[et_pb_section fb_built=&#8221;1&#8243; admin_label=&#8221;section&#8221; _builder_version=&#8221;3.0.105&#8243; background_image=&#8221;https:\/\/fabriacrylicos.com\/wp-content\/uploads\/2018\/02\/Aviso-Mantenimiento-Final.png&#8221; background_color=&#8221;#021117&#8243;][et_pb_row _builder_version=&#8221;3.0.105&#8243; make_fullwidth=&#8221;on&#8221; custom_padding=&#8221;144px|0px|395px|0px&#8221;][et_pb_column type=&#8221;4_4&#8243; _builder_version=&#8221;3.0.105&#8243; parallax=&#8221;off&#8221; parallax_method=&#8221;on&#8221;][et_pb_countdown_timer date_time=&#8221;2018-03-01 08:00&#8243; background_color=&#8221;rgba(0,0,0,0.5)&#8221; _builder_version=&#8221;3.0.105&#8243; max_width=&#8221;75%&#8221; module_alignment=&#8221;center&#8221; text_shadow_style=&#8221;preset2&#8243; text_shadow_horizontal_length=&#8221;0.19em&#8221; text_shadow_vertical_length=&#8221;0.15em&#8221; text_shadow_blur_strength=&#8221;0.25em&#8221; text_shadow_color=&#8221;rgba(0,0,0,0.82)&#8221; header_font=&#8221;||||||||&#8221; numbers_font=&#8221;||||||||&#8221;][\/et_pb_countdown_timer][\/et_pb_column][\/et_pb_row][\/et_pb_section]<\/p>","protected":false},"excerpt":{"rendered":"<p>I+D fabriacrilycos es  una empresa dedicada a la producci\u00f3n de elementos publicitarios, avisos, adecuaciones comerciales y dise\u00f1o industrial, somos especialistas en el manejo de acr\u00edlico y pl\u00e1sticos de ingenier\u00eda con los m\u00e1s altos est\u00e1ndares de calidad e innovaci\u00f3n.<\/p>","protected":false},"author":1,"featured_media":0,"parent":0,"menu_order":0,"comment_status":"closed","ping_status":"closed","template":"page-template-blank.php","meta":{"_monsterinsights_skip_tracking":false,"_monsterinsights_sitenote_active":false,"_monsterinsights_sitenote_note":"","_monsterinsights_sitenote_category":0,"_themeisle_gutenberg_block_has_review":false,"_joinchat":[],"footnotes":""},"class_list":["post-40","page","type-page","status-publish","hentry"],"_links":{"self":[{"href":"https:\/\/fabriacrylicos.com\/en\/wp-json\/wp\/v2\/pages\/40","targetHints":{"allow":["GET"]}}],"collection":[{"href":"https:\/\/fabriacrylicos.com\/en\/wp-json\/wp\/v2\/pages"}],"about":[{"href":"https:\/\/fabriacrylicos.com\/en\/wp-json\/wp\/v2\/types\/page"}],"author":[{"embeddable":true,"href":"https:\/\/fabriacrylicos.com\/en\/wp-json\/wp\/v2\/users\/1"}],"replies":[{"embeddable":true,"href":"https:\/\/fabriacrylicos.com\/en\/wp-json\/wp\/v2\/comments?post=40"}],"version-history":[{"count":8,"href":"https:\/\/fabriacrylicos.com\/en\/wp-json\/wp\/v2\/pages\/40\/revisions"}],"predecessor-version":[{"id":54,"href":"https:\/\/fabriacrylicos.com\/en\/wp-json\/wp\/v2\/pages\/40\/revisions\/54"}],"wp:attachment":[{"href":"https:\/\/fabriacrylicos.com\/en\/wp-json\/wp\/v2\/media?parent=40"}],"curies":[{"name":"wp","href":"https:\/\/api.w.org\/{rel}","templated":true}]}}